{"id":23716,"date":"2018-04-19T13:21:44","date_gmt":"2018-04-19T11:21:44","guid":{"rendered":"https:\/\/www.juanacrespo.es\/avisos-de-privacidad\/videovigilancia\/"},"modified":"2024-01-02T13:42:42","modified_gmt":"2024-01-02T11:42:42","slug":"videovigilancia","status":"publish","type":"page","link":"https:\/\/www.juanacrespo.es\/it\/informativa-sulla-privacy2\/videovigilancia\/","title":{"rendered":"Video Surveillance"},"content":{"rendered":"<p><div class=\"fusion-fullwidth fullwidth-box fusion-builder-row-1 nonhundred-percent-fullwidth non-hundred-percent-height-scrolling\" style=\"--awb-border-radius-top-left:0px;--awb-border-radius-top-right:0px;--awb-border-radius-bottom-right:0px;--awb-border-radius-bottom-left:0px;--awb-flex-wrap:wrap;\" ><div class=\"fusion-builder-row fusion-row\"><div class=\"fusion-layout-column fusion_builder_column fusion-builder-column-0 fusion_builder_column_1_6 1_6 fusion-one-sixth fusion-column-first\" style=\"--awb-bg-size:cover;width:16.666666666667%;width:calc(16.666666666667% - ( ( 4% + 4% ) * 0.16666666666667 ) );margin-right: 4%;\"><div class=\"fusion-column-wrapper fusion-flex-column-wrapper-legacy\"><div class=\"fusion-clearfix\"><\/div><\/div><\/div><div class=\"fusion-layout-column fusion_builder_column fusion-builder-column-1 fusion_builder_column_2_3 2_3 fusion-two-third\" style=\"--awb-bg-size:cover;width:66.666666666667%;width:calc(66.666666666667% - ( ( 4% + 4% ) * 0.66666666666667 ) );margin-right: 4%;\"><div class=\"fusion-column-wrapper fusion-flex-column-wrapper-legacy\"><div class=\"fusion-clearfix\"><\/div><\/div><\/div><div class=\"fusion-layout-column fusion_builder_column fusion-builder-column-2 fusion_builder_column_1_6 1_6 fusion-one-sixth fusion-column-last\" style=\"--awb-bg-size:cover;width:16.666666666667%;width:calc(16.666666666667% - ( ( 4% + 4% ) * 0.16666666666667 ) );\"><div class=\"fusion-column-wrapper fusion-flex-column-wrapper-legacy\"><div class=\"fusion-clearfix\"><\/div><\/div><\/div><\/div><\/div><div class=\"fusion-fullwidth fullwidth-box fusion-builder-row-2 nonhundred-percent-fullwidth non-hundred-percent-height-scrolling\" style=\"--awb-border-radius-top-left:0px;--awb-border-radius-top-right:0px;--awb-border-radius-bottom-right:0px;--awb-border-radius-bottom-left:0px;--awb-flex-wrap:wrap;\" ><div class=\"fusion-builder-row fusion-row\"><div class=\"fusion-layout-column fusion_builder_column fusion-builder-column-3 fusion_builder_column_1_6 1_6 fusion-one-sixth fusion-column-first\" style=\"--awb-bg-size:cover;width:16.666666666667%;width:calc(16.666666666667% - ( ( 4% + 4% ) * 0.16666666666667 ) );margin-right: 4%;\"><div class=\"fusion-column-wrapper fusion-flex-column-wrapper-legacy\"><div class=\"fusion-clearfix\"><\/div><\/div><\/div><div class=\"fusion-layout-column fusion_builder_column fusion-builder-column-4 fusion_builder_column_2_3 2_3 fusion-two-third\" style=\"--awb-bg-size:cover;--awb-margin-bottom:0px;width:66.666666666667%;width:calc(66.666666666667% - ( ( 4% + 4% ) * 0.66666666666667 ) );margin-right: 4%;\"><div class=\"fusion-column-wrapper fusion-flex-column-wrapper-legacy\"><div class=\"fusion-title title fusion-title-1 fusion-sep-none fusion-title-text fusion-title-size-three\" style=\"--awb-margin-top-small:0px;--awb-margin-bottom-small:20px;\"><h3 class=\"fusion-title-heading title-heading-left\" style=\"margin:0;\"><h3>DETAILED DATA PROTECTION INFORMATION<\/h3><\/h3><\/div><div class=\"fusion-text fusion-text-1\"><h4>DATA PROCESSING ACTIVITY &#8211; VIDEO SURVEILLANCE<\/h4>\n<h3><strong>Who is the controller in charge of processing your personal data<\/strong>?<\/h3>\n<p><strong>Company name: EQUIPO M\u00c9DICO CRESPO VALENCIA, S.L.U.<\/strong><\/p>\n<p><strong>Tax identification number:<\/strong> B56859432<\/p>\n<p><strong>Headquarters:<\/strong> Avda. General Avil\u00e9s, N.\u00ba 90 bajo 46015 Valencia<\/p>\n<p><strong>Delegation:<\/strong> Calle Llandells, 2-4 Bajo 12598 Pe\u00f1\u00edscola Castell\u00f3n<\/p>\n<p><strong>Telephone:<\/strong> 961042557 Headquarters \/ 964489132 Pe\u00f1\u00edscola Office<\/p>\n<p><strong>Email:<\/strong> <a href=\"mailto:lopd@juanacrespo.es\">lopd@juanacrespo.es<\/a><\/p>\n<p><strong>Contact our Data Protection Officer (DPO):<\/strong> <a href=\"mailto:dpo@juanacrespo.es\">dpo@juanacrespo.es<\/a><\/p>\n<h3><strong>For what purpose will we process your personal data?<\/strong><\/h3>\n<p>Your personal data will be used for security purposes via a video surveillance system, whose legitimation is established inLaw 5\/2014, of the 4th of April for Private Security.<\/p>\n<h3><strong>How long will we keep your personal data for?<\/strong><\/h3>\n<p>Your personal data will be stored for a maximum retention period of 30 days in accordance with the Instruction on video surveillance 1\/2006, of the 8th of November, of the Spanish Data Protection Agency.<\/p>\n<h3><strong>What is the legitimation for the treatment of my personal data?<\/strong><\/h3>\n<p>The legal base for the processing of your personal data is<\/p>\n<p><strong>Legitimate interest of the controller<\/strong><\/p>\n<p>The video surveillance system is based on the legitimate interest of the controller, to safeguard the security of processing premises, for security purposes. This is based on Law 5\/2014, of the 4th of April, for Private Security.<\/p>\n<h3><strong>Am I obliged to provide my personal data?<\/strong><\/h3>\n<p>Necessary\/legal requirement<\/p>\n<h3><strong>What will happen if I do not provide it?<\/strong><\/h3>\n<p>It will not be possible to access the controller\u2019s premises<\/p>\n<h3><strong>Will we disclose your personal data?<\/strong><\/h3>\n<p>Recipients or categories of recipients.<\/p>\n<p>In case of security incident, your data (image) could be passed to the State Security Forces and Authorities.<\/p>\n<p>A security company manages the video surveillance system and they are processing controllers. Their data is provided below:<\/p>\n<p>Company name: Estudios Integrales de Seguridad Electr\u00f3nica, S.L.<\/p>\n<p>Tax Identification Number: B96489042<\/p>\n<p>PostalAddress: Ronda Narciso Monturiol, 6, Edificio B, Despacho 1, Parque Tecnol\u00f3gico Paterna 46980 Valencia<\/p>\n<p>Telephone: 961366863<\/p>\n<p>Email: info@einse-seguridad.com<\/p>\n<p>Registration n\u00ba: General Directorate of Securitywith \u00a0n.\u00ba 2796<\/p>\n<h3><strong>What rights do I have when I provide my personal data?<\/strong><\/h3>\n<p>Right of <strong>Access<\/strong>: You have the right to know whether we are processing your data and to receive this information in writing via the requested means.<\/p>\n<p>Right to <strong>Rectification<\/strong>: You have the right to request the rectification of your data if it is inaccurate or incomplete.<\/p>\n<p>You have the right to request the <strong>erasure<\/strong> of your data. However, remember that the right to deletion remains limited when there is a legal obligation to retain or block your data.<\/p>\n<p>In certain circumstances, the data subjects may request the <strong>restriction<\/strong> of processing of their data. In this case we will only keep it for the exercise or defence of legal claims, protect third parties or for significant public interest reasons.<\/p>\n<p>In certain circumstances and for reasons related to a particular situation, you may <strong>object<\/strong> to the processing of your data. The controller will stop processing your data, unless there are superior legitimate grounds for the processing, or for the exercise or defence of legal claims<\/p>\n<p>When the processing of data is based on consent or on a contract or pre-contract, and it is carried out by automated means, you have the right to data <strong>portability<\/strong>. This means that it will be provided in a structured, commonly used and machine-readable format, including providing it to a new responsible figure..<\/p>\n<p>Any interested party may <strong>lodge a complaint<\/strong> with the competent data protection supervisory authority, especially when they are not satisfied with the exercise of their rights. They can be contacted in writing at Spanish Personal Data Protection Agency <em>(Agencia Espa\u00f1ola de Protecci\u00f3n de DatosPersonales) <\/em>at C\/Jorge Juan n.\u00ba 6, 28001 Madrid or online at <a href=\"https:\/\/www.agpd.es\">www.agpd.es<\/a><\/p>\n<p>The models to request the exercise of your rights can be found in the Privacy Policies\/rights of our website. You may also request them in writing from our management team, or online on the supervisory authority\u2019s website <a href=\"https:\/\/www.agpd.es\">www.agpd.es<\/a> . These must be sent to the manager\u2019s postal or email address.<\/p>\n<\/div><div class=\"fusion-clearfix\"><\/div><\/div><\/div><div class=\"fusion-layout-column fusion_builder_column fusion-builder-column-5 fusion_builder_column_1_6 1_6 fusion-one-sixth fusion-column-last\" style=\"--awb-bg-size:cover;width:16.666666666667%;width:calc(16.666666666667% - ( ( 4% + 4% ) * 0.16666666666667 ) );\"><div class=\"fusion-column-wrapper fusion-flex-column-wrapper-legacy\"><div class=\"fusion-clearfix\"><\/div><\/div><\/div><\/div><\/div><\/p>\n","protected":false},"excerpt":{"rendered":"","protected":false},"author":1,"featured_media":0,"parent":23664,"menu_order":0,"comment_status":"closed","ping_status":"closed","template":"","meta":{"_acf_changed":false,"content-type":"","footnotes":""},"class_list":["post-23716","page","type-page","status-publish","hentry"],"acf":[],"_links":{"self":[{"href":"https:\/\/www.juanacrespo.es\/it\/wp-json\/wp\/v2\/pages\/23716","targetHints":{"allow":["GET"]}}],"collection":[{"href":"https:\/\/www.juanacrespo.es\/it\/wp-json\/wp\/v2\/pages"}],"about":[{"href":"https:\/\/www.juanacrespo.es\/it\/wp-json\/wp\/v2\/types\/page"}],"author":[{"embeddable":true,"href":"https:\/\/www.juanacrespo.es\/it\/wp-json\/wp\/v2\/users\/1"}],"replies":[{"embeddable":true,"href":"https:\/\/www.juanacrespo.es\/it\/wp-json\/wp\/v2\/comments?post=23716"}],"version-history":[{"count":3,"href":"https:\/\/www.juanacrespo.es\/it\/wp-json\/wp\/v2\/pages\/23716\/revisions"}],"predecessor-version":[{"id":62032,"href":"https:\/\/www.juanacrespo.es\/it\/wp-json\/wp\/v2\/pages\/23716\/revisions\/62032"}],"up":[{"embeddable":true,"href":"https:\/\/www.juanacrespo.es\/it\/wp-json\/wp\/v2\/pages\/23664"}],"wp:attachment":[{"href":"https:\/\/www.juanacrespo.es\/it\/wp-json\/wp\/v2\/media?parent=23716"}],"curies":[{"name":"wp","href":"https:\/\/api.w.org\/{rel}","templated":true}]}}